{"id":4915,"date":"2025-12-10T14:03:01","date_gmt":"2025-12-10T13:03:01","guid":{"rendered":"https:\/\/bourgogneselect.com\/?page_id=4915"},"modified":"2026-04-27T13:17:40","modified_gmt":"2026-04-27T11:17:40","slug":"%e8%81%94%e7%b3%bb%e5%8b%83%e8%89%ae%e7%ac%ac%e9%80%89%e6%8b%a9","status":"publish","type":"page","link":"https:\/\/bourgogneselect.com\/zh\/contactez-bourgogne-select\/","title":{"rendered":"\u8054\u7cfb\u52c3\u826e\u7b2c\u9009\u62e9"},"content":{"rendered":"<div data-elementor-type=\"wp-page\" data-elementor-id=\"4915\" class=\"elementor elementor-4915\" data-elementor-post-type=\"page\">\n\t\t\t\t<div class=\"elementor-element elementor-element-3876788d e-flex e-con-boxed e-con e-parent\" data-id=\"3876788d\" data-element_type=\"container\" data-e-type=\"container\">\n\t\t\t\t\t<div class=\"e-con-inner\">\n\t\t<div class=\"elementor-element elementor-element-1f3fbb2c e-con-full e-flex e-con e-child\" data-id=\"1f3fbb2c\" data-element_type=\"container\" data-e-type=\"container\">\n\t\t\t\t<div class=\"elementor-element elementor-element-50980ef animated-fast elementor-invisible elementor-widget elementor-widget-heading\" data-id=\"50980ef\" data-element_type=\"widget\" data-e-type=\"widget\" data-settings=\"{&quot;_animation&quot;:&quot;opal-move-up&quot;}\" data-widget_type=\"heading.default\">\n\t\t\t\t\t<h2 class=\"elementor-heading-title elementor-size-default\">\u60a8\u6709\u9879\u76ee\u6216\u95ee\u9898\u5417\uff1f<\/h2>\t\t\t\t<\/div>\n\t\t\t\t<div class=\"elementor-element elementor-element-e348fbe animated-fast elementor-widget__width-auto elementor-invisible elementor-widget elementor-widget-heading\" data-id=\"e348fbe\" data-element_type=\"widget\" data-e-type=\"widget\" data-settings=\"{&quot;_animation&quot;:&quot;opal-move-left&quot;}\" data-widget_type=\"heading.default\">\n\t\t\t\t\t<span class=\"elementor-heading-title elementor-size-default\">\u8ba9\u6211\u4eec\u6765\u8c08\u8c08\uff01<\/span>\t\t\t\t<\/div>\n\t\t\t\t<div class=\"elementor-element elementor-element-2abb46e elementor-invisible elementor-widget elementor-widget-text-editor\" data-id=\"2abb46e\" data-element_type=\"widget\" data-e-type=\"widget\" data-settings=\"{&quot;_animation&quot;:&quot;fadeInLeft&quot;}\" data-widget_type=\"text-editor.default\">\n\t\t\t\t\t\t\t\t\t<p class=\"p1\">\u60a8\u60f3\u4e86\u89e3\u66f4\u591a\u6709\u5173\u52c3\u826e\u7b2c\u7cbe\u9009\u7684\u4fe1\u606f\uff0c\u521b\u5efa\u81ea\u5df1\u7684\u8461\u8404\u9152\u54c1\u724c\uff0c\u6216\u4e3a\u60a8\u7684\u9879\u76ee\u83b7\u5f97\u91cf\u8eab\u5b9a\u5236\u7684\u652f\u6301\u5417\uff1f<\/p><p class=\"p2\"><b>\u6211\u4eec\u7684\u56e2\u961f\u968f\u65f6\u51c6\u5907\u56de\u7b54\u60a8\u5728\u6cd5\u56fd\u548c\u56fd\u5916\u7684\u6240\u6709\u95ee\u9898\u3002.<\/b><\/p>\t\t\t\t\t\t\t\t<\/div>\n\t\t\t\t<div class=\"elementor-element elementor-element-3b0c9ebe elementor-invisible elementor-widget elementor-widget-asteno-contactform\" data-id=\"3b0c9ebe\" data-element_type=\"widget\" data-e-type=\"widget\" data-settings=\"{&quot;_animation&quot;:&quot;opal-move-up&quot;}\" data-widget_type=\"asteno-contactform.default\">\n\t\t\t\t<div class=\"elementor-widget-container\">\n\t\t\t\t\t\n<div class=\"wpcf7 no-js\" id=\"wpcf7-f67-o1\" lang=\"fr-FR\" dir=\"ltr\" data-wpcf7-id=\"67\">\n<div class=\"screen-reader-response\"><p role=\"status\" aria-live=\"polite\" aria-atomic=\"true\"><\/p> <ul><\/ul><\/div>\n<form action=\"\/zh\/wp-json\/wp\/v2\/pages\/4915#wpcf7-f67-o1\" method=\"post\" class=\"wpcf7-form init\" aria-label=\"Formulaire de contact\" novalidate=\"novalidate\" data-status=\"init\" data-trp-original-action=\"\/zh\/wp-json\/wp\/v2\/pages\/4915#wpcf7-f67-o1\">\n<fieldset class=\"hidden-fields-container\"><input type=\"hidden\" name=\"_wpcf7\" value=\"67\" \/><input type=\"hidden\" name=\"_wpcf7_version\" value=\"6.1.5\" \/><input type=\"hidden\" name=\"_wpcf7_locale\" value=\"fr_FR\" \/><input type=\"hidden\" name=\"_wpcf7_unit_tag\" value=\"wpcf7-f67-o1\" \/><input type=\"hidden\" name=\"_wpcf7_container_post\" value=\"0\" \/><input type=\"hidden\" name=\"_wpcf7_posted_data_hash\" value=\"\" \/>\n<\/fieldset>\n<p><label> \u60a8\u7684\u540d\u5b57\u548c\u59d3\u6c0f \uff1a<br \/>\n<span class=\"wpcf7-form-control-wrap\" data-name=\"your-name\"><input size=\"40\" maxlength=\"400\" class=\"wpcf7-form-control wpcf7-text wpcf7-validates-as-required\" autocomplete=\"name\" aria-required=\"true\" aria-invalid=\"false\" value=\"\" type=\"text\" name=\"your-name\" \/><\/span> <\/label>\n<\/p>\n<p><label> \u60a8\u7684\u7535\u5b50\u90ae\u4ef6 \uff1a<br \/>\n<span class=\"wpcf7-form-control-wrap\" data-name=\"your-email\"><input size=\"40\" maxlength=\"400\" class=\"wpcf7-form-control wpcf7-email wpcf7-validates-as-required wpcf7-text wpcf7-validates-as-email\" autocomplete=\"email\" aria-required=\"true\" aria-invalid=\"false\" value=\"\" type=\"email\" name=\"your-email\" \/><\/span> <\/label>\n<\/p>\n<p><label> \u4e3b\u9898 \uff1a<br \/>\n<span class=\"wpcf7-form-control-wrap\" data-name=\"your-subject\"><input size=\"40\" maxlength=\"400\" class=\"wpcf7-form-control wpcf7-text wpcf7-validates-as-required\" aria-required=\"true\" aria-invalid=\"false\" value=\"\" type=\"text\" name=\"your-subject\" \/><\/span> <\/label>\n<\/p>\n<p><label> \u60a8\u7684\u7559\u8a00<br \/>\n<span class=\"wpcf7-form-control-wrap\" data-name=\"your-message\"><textarea cols=\"40\" rows=\"10\" maxlength=\"2000\" class=\"wpcf7-form-control wpcf7-textarea\" aria-invalid=\"false\" name=\"your-message\"><\/textarea><\/span> <\/label>\n<\/p>\n<p><input class=\"wpcf7-form-control wpcf7-submit has-spinner\" type=\"submit\" value=\"\u53d1\u9001\" \/>\n<\/p><div class=\"wpcf7-response-output\" aria-hidden=\"true\"><\/div>\n<input type=\"hidden\" name=\"trp-form-language\" value=\"zh\"\/><\/form>\n<\/div>\n\t\t\t\t<\/div>\n\t\t\t\t<\/div>\n\t\t\t\t<\/div>\n\t\t<div class=\"elementor-element elementor-element-5b30d96c e-con-full elementor-hidden-tablet_extra elementor-hidden-tablet elementor-hidden-mobile_extra elementor-hidden-mobile e-flex elementor-invisible e-con e-child\" data-id=\"5b30d96c\" data-element_type=\"container\" data-e-type=\"container\" data-settings=\"{&quot;animation&quot;:&quot;opal-move-left&quot;}\">\n\t\t\t\t<div class=\"elementor-element elementor-element-5a0bb36e elementor-hidden-mobile elementor-invisible elementor-widget elementor-widget-image\" data-id=\"5a0bb36e\" data-element_type=\"widget\" data-e-type=\"widget\" data-settings=\"{&quot;_animation&quot;:&quot;opal-move-left&quot;}\" data-widget_type=\"image.default\">\n\t\t\t\t\t\t\t\t\t\t\t\t\t\t\t<img fetchpriority=\"high\" decoding=\"async\" width=\"1080\" height=\"1741\" src=\"https:\/\/bourgogneselect.com\/wp-content\/uploads\/2026\/02\/h2_contact-2.webp\" class=\"attachment-full size-full wp-image-5528\" alt=\"\u8054\u7cfb burgundy select La Chapelle-de-Guinchay\" srcset=\"https:\/\/bourgogneselect.com\/wp-content\/uploads\/2026\/02\/h2_contact-2.webp 1080w, https:\/\/bourgogneselect.com\/wp-content\/uploads\/2026\/02\/h2_contact-2-500x806.webp 500w, https:\/\/bourgogneselect.com\/wp-content\/uploads\/2026\/02\/h2_contact-2-186x300.webp 186w, https:\/\/bourgogneselect.com\/wp-content\/uploads\/2026\/02\/h2_contact-2-635x1024.webp 635w, https:\/\/bourgogneselect.com\/wp-content\/uploads\/2026\/02\/h2_contact-2-768x1238.webp 768w, https:\/\/bourgogneselect.com\/wp-content\/uploads\/2026\/02\/h2_contact-2-953x1536.webp 953w, https:\/\/bourgogneselect.com\/wp-content\/uploads\/2026\/02\/h2_contact-2-7x12.webp 7w\" sizes=\"(max-width: 1080px) 100vw, 1080px\" \/>\t\t\t\t\t\t\t\t\t\t\t\t\t\t\t<\/div>\n\t\t\t\t<\/div>\n\t\t\t\t\t<\/div>\n\t\t\t\t<\/div>\n\t\t<div class=\"elementor-element elementor-element-f718de7 e-flex e-con-boxed e-con e-parent\" data-id=\"f718de7\" data-element_type=\"container\" data-e-type=\"container\" data-settings=\"{&quot;background_background&quot;:&quot;classic&quot;}\">\n\t\t\t\t\t<div class=\"e-con-inner\">\n\t\t<div class=\"elementor-element elementor-element-e259a7b e-flex e-con-boxed e-con e-child\" data-id=\"e259a7b\" data-element_type=\"container\" data-e-type=\"container\" data-settings=\"{&quot;background_background&quot;:&quot;classic&quot;}\">\n\t\t\t\t\t<div class=\"e-con-inner\">\n\t\t\t\t<div class=\"elementor-element elementor-element-8ce7627 animated-fast elementor-invisible elementor-widget elementor-widget-heading\" data-id=\"8ce7627\" data-element_type=\"widget\" data-e-type=\"widget\" data-settings=\"{&quot;_animation&quot;:&quot;opal-move-up&quot;}\" data-widget_type=\"heading.default\">\n\t\t\t\t\t<h2 class=\"elementor-heading-title elementor-size-default\">\u52c3\u826e\u7b2c\u7cbe\u9009\u6cd5\u56fd\u98ce\u571f\u8461\u8404\u9152<\/h2>\t\t\t\t<\/div>\n\t\t\t\t<div class=\"elementor-element elementor-element-8fdce54 elementor-invisible elementor-widget elementor-widget-text-editor\" data-id=\"8fdce54\" data-element_type=\"widget\" data-e-type=\"widget\" data-settings=\"{&quot;_animation&quot;:&quot;fadeIn&quot;}\" data-widget_type=\"text-editor.default\">\n\t\t\t\t\t\t\t\t\t<p class=\"p1\"><strong>\u767d\u8461\u8404\u9152\u3001\u7ea2\u8461\u8404\u9152\u3001\u6843\u7ea2\u8461\u8404\u9152\u6216 <a href=\"https:\/\/bourgogneselect.com\/zh\/%e8%91%a1%e8%90%84%e9%85%92\/%e9%97%aa%e4%ba%ae\/\">\u95ea\u4eae<\/a><\/strong> \u63a2\u7d22\u6211\u4eec\u7cbe\u9009\u7684\u6cd5\u56fd\u8461\u8404\u9152 <a href=\"https:\/\/fr.wikipedia.org\/wiki\/Terroir\" target=\"_blank\" rel=\"noopener\">\u98ce\u571f<\/a>, \u4ece\u4e3b\u8981\u7684\u8461\u8404\u9152\u4ea7\u533a\u7cbe\u5fc3\u6311\u9009\u3002.<\/p>\t\t\t\t\t\t\t\t<\/div>\n\t\t<div class=\"elementor-element elementor-element-6943f427 e-grid e-con-full elementor-invisible e-con e-child\" data-id=\"6943f427\" data-element_type=\"container\" data-e-type=\"container\" data-settings=\"{&quot;animation&quot;:&quot;fadeIn&quot;}\">\n\t\t\t\t<div class=\"elementor-element elementor-element-22d69f38 elementor-cta--skin-cover button-style-theme-outline elementor-cta--valign-bottom box-align-left elementor-animated-content elementor-bg-transform elementor-bg-transform-zoom-in elementor-widget elementor-widget-asteno-banner\" data-id=\"22d69f38\" data-element_type=\"widget\" data-e-type=\"widget\" data-widget_type=\"asteno-banner.default\">\n\t\t\t\t<div class=\"elementor-widget-container\">\n\t\t\t\t\t        <a class=\"elementor-cta\" href=\"https:\/\/bourgogneselect.com\/zh\/%e8%91%a1%e8%90%84%e9%85%92\/%e5%8d%9a%e8%8b%a5%e8%8e%b1%e8%91%a1%e8%90%84%e9%85%92\/\">\n                    <div class=\"elementor-cta__bg-wrapper\">\n                <div class=\"elementor-cta__bg elementor-bg\" style=\"background-image: url(https:\/\/bourgogneselect.com\/wp-content\/uploads\/2026\/02\/h3_beaujolais-2.webp);\"><\/div>\n                <div class=\"elementor-cta__bg-overlay\"><\/div>\n            <\/div>\n                            <div class=\"elementor-cta__content\">\n                <div class=\"elementor-cta__content-inner\">\n                    \n                    <div class='elementor-content-wrapper'>\n                        \n                        <h3 class=\"elementor-cta__title elementor-cta__content-item elementor-content-item\">\u535a\u82e5\u83b1<\/h3>\n                                                    <div class=\"elementor-cta__description elementor-cta__content-item elementor-content-item\">\n                                \u535a\u82e5\u83b1\u6751\u5e84\u767d\u8461\u8404\u9152\/\u7ea2\u8461\u8404\u9152\u3001\u5e03\u9c81\u4f0a\u3001Moulin \u00e0 Vent\u3001\u52c3\u826e\u7b2c\u4f73\u7f8e\u8461\u8404\u9152                            <\/div>\n                        \n                                        <\/div>\n            <\/div>\n            <\/div>\n                        <\/a>\n        \t\t\t\t<\/div>\n\t\t\t\t<\/div>\n\t\t\t\t<div class=\"elementor-element elementor-element-26397bea elementor-cta--skin-cover button-style-theme-outline elementor-cta--valign-bottom box-align-left elementor-animated-content elementor-bg-transform elementor-bg-transform-zoom-in elementor-widget elementor-widget-asteno-banner\" data-id=\"26397bea\" data-element_type=\"widget\" data-e-type=\"widget\" data-widget_type=\"asteno-banner.default\">\n\t\t\t\t<div class=\"elementor-widget-container\">\n\t\t\t\t\t        <a class=\"elementor-cta\" href=\"https:\/\/bourgogneselect.com\/zh\/%e8%91%a1%e8%90%84%e9%85%92\/%e5%8b%83%e8%89%ae%e7%ac%ac%e8%91%a1%e8%90%84%e9%85%92\/\">\n                    <div class=\"elementor-cta__bg-wrapper\">\n                <div class=\"elementor-cta__bg elementor-bg\" style=\"background-image: url(https:\/\/bourgogneselect.com\/wp-content\/uploads\/2026\/04\/h3-bourgogne_3.webp);\"><\/div>\n                <div class=\"elementor-cta__bg-overlay\"><\/div>\n            <\/div>\n                            <div class=\"elementor-cta__content\">\n                <div class=\"elementor-cta__content-inner\">\n                    \n                    <div class='elementor-content-wrapper'>\n                        \n                        <h3 class=\"elementor-cta__title elementor-cta__content-item elementor-content-item\">\u52c3\u826e\u7b2c<\/h3>\n                                                    <div class=\"elementor-cta__description elementor-cta__content-item elementor-content-item\">\n                                \u5c0f\u590f\u5e03\u5229\u3001\u590f\u5e03\u5229\u3001\u52c3\u826e\u7b2c\u767d\u971e\u591a\u4e3d\u3001\u52c3\u826e\u7b2c\u7ea2\u9ed1\u76ae\u8bfa                            <\/div>\n                        \n                                        <\/div>\n            <\/div>\n            <\/div>\n                        <\/a>\n        \t\t\t\t<\/div>\n\t\t\t\t<\/div>\n\t\t\t\t<div class=\"elementor-element elementor-element-593a8f80 elementor-cta--skin-cover button-style-theme-outline elementor-cta--valign-bottom box-align-left elementor-animated-content elementor-bg-transform elementor-bg-transform-zoom-in elementor-widget elementor-widget-asteno-banner\" data-id=\"593a8f80\" data-element_type=\"widget\" data-e-type=\"widget\" data-widget_type=\"asteno-banner.default\">\n\t\t\t\t<div class=\"elementor-widget-container\">\n\t\t\t\t\t        <a class=\"elementor-cta\" href=\"https:\/\/bourgogneselect.com\/zh\/%e8%91%a1%e8%90%84%e9%85%92\/%e9%a9%ac%e5%ad%94%e8%91%a1%e8%90%84%e9%85%92\/\">\n                    <div class=\"elementor-cta__bg-wrapper\">\n                <div class=\"elementor-cta__bg elementor-bg\" style=\"background-image: url(https:\/\/bourgogneselect.com\/wp-content\/uploads\/2026\/02\/h3_maconnais-2.webp);\"><\/div>\n                <div class=\"elementor-cta__bg-overlay\"><\/div>\n            <\/div>\n                            <div class=\"elementor-cta__content\">\n                <div class=\"elementor-cta__content-inner\">\n                    \n                    <div class='elementor-content-wrapper'>\n                        \n                        <h3 class=\"elementor-cta__title elementor-cta__content-item elementor-content-item\">\u9a6c\u5b54\u90a3<\/h3>\n                                                    <div class=\"elementor-cta__description elementor-cta__content-item elementor-content-item\">\n                                \u9a6c\u5b54\u971e\u591a\u4e3d\u3001Vir\u00e9 Cless\u00e9\u3001\u5723\u7ef4\u6717\u3001\u666e\u4f0a\u5bcc\u585e                            <\/div>\n                        \n                                        <\/div>\n            <\/div>\n            <\/div>\n                        <\/a>\n        \t\t\t\t<\/div>\n\t\t\t\t<\/div>\n\t\t\t\t<\/div>\n\t\t<div class=\"elementor-element elementor-element-7614f6c e-grid e-con-full elementor-invisible e-con e-child\" data-id=\"7614f6c\" data-element_type=\"container\" data-e-type=\"container\" data-settings=\"{&quot;animation&quot;:&quot;fadeIn&quot;}\">\n\t\t\t\t<div class=\"elementor-element elementor-element-5cb98526 elementor-cta--skin-cover button-style-theme-outline elementor-cta--valign-bottom box-align-left elementor-animated-content elementor-bg-transform elementor-bg-transform-zoom-in elementor-widget elementor-widget-asteno-banner\" data-id=\"5cb98526\" data-element_type=\"widget\" data-e-type=\"widget\" data-widget_type=\"asteno-banner.default\">\n\t\t\t\t<div class=\"elementor-widget-container\">\n\t\t\t\t\t        <a class=\"elementor-cta\" href=\"https:\/\/bourgogneselect.com\/zh\/%e8%91%a1%e8%90%84%e9%85%92\/%e8%92%b8%e9%a6%8f%e9%85%92%e5%92%8c%e6%b0%94%e6%b3%a1%e9%85%92\/\">\n                    <div class=\"elementor-cta__bg-wrapper\">\n                <div class=\"elementor-cta__bg elementor-bg\" style=\"background-image: url(https:\/\/bourgogneselect.com\/wp-content\/uploads\/2026\/02\/h3_effervecent-2.webp);\"><\/div>\n                <div class=\"elementor-cta__bg-overlay\"><\/div>\n            <\/div>\n                            <div class=\"elementor-cta__content\">\n                <div class=\"elementor-cta__content-inner\">\n                    \n                    <div class='elementor-content-wrapper'>\n                        \n                        <h3 class=\"elementor-cta__title elementor-cta__content-item elementor-content-item\">\u6c14\u6ce1<\/h3>\n                                                    <div class=\"elementor-cta__description elementor-cta__content-item elementor-content-item\">\n                                \u9999\u69df\u3001\u767d\u5170\u5730\u8d77\u6ce1\u9152\u3001\u52c3\u826e\u7b2c\u9999\u69df\u3001\u745f\u4e1c\u8d77\u6ce1\u9152                            <\/div>\n                        \n                                        <\/div>\n            <\/div>\n            <\/div>\n                        <\/a>\n        \t\t\t\t<\/div>\n\t\t\t\t<\/div>\n\t\t\t\t<div class=\"elementor-element elementor-element-161454d5 elementor-cta--skin-cover button-style-theme-outline elementor-cta--valign-bottom box-align-left elementor-animated-content elementor-bg-transform elementor-bg-transform-zoom-in elementor-widget elementor-widget-asteno-banner\" data-id=\"161454d5\" data-element_type=\"widget\" data-e-type=\"widget\" data-widget_type=\"asteno-banner.default\">\n\t\t\t\t<div class=\"elementor-widget-container\">\n\t\t\t\t\t        <a class=\"elementor-cta\" href=\"https:\/\/bourgogneselect.com\/zh\/%e8%91%a1%e8%90%84%e9%85%92\/%e5%8d%a2%e7%93%a6%e5%b0%94%e6%b2%b3%e8%b0%b7%e8%91%a1%e8%90%84%e9%85%92\/\">\n                    <div class=\"elementor-cta__bg-wrapper\">\n                <div class=\"elementor-cta__bg elementor-bg\" style=\"background-image: url(https:\/\/bourgogneselect.com\/wp-content\/uploads\/2026\/04\/h3-val_de_loire_3.webp);\"><\/div>\n                <div class=\"elementor-cta__bg-overlay\"><\/div>\n            <\/div>\n                            <div class=\"elementor-cta__content\">\n                <div class=\"elementor-cta__content-inner\">\n                    \n                    <div class='elementor-content-wrapper'>\n                        \n                        <h3 class=\"elementor-cta__title elementor-cta__content-item elementor-content-item\">\u5362\u74e6\u5c14\u6cb3\u8c37<\/h3>\n                                                    <div class=\"elementor-cta__description elementor-cta__content-item elementor-content-item\">\n                                \u6851\u585e\u5c14\u767d\u8461\u8404\u9152\/\u7ea2\u8461\u8404\u9152\/\u6843\u7ea2\u8461\u8404\u9152\u3001\u666e\u4f0a\u5bcc\u7f8e\u8461\u8404\u9152\u3001IGP \u957f\u76f8\u601d\u8461\u8404\u9152                            <\/div>\n                        \n                                        <\/div>\n            <\/div>\n            <\/div>\n                        <\/a>\n        \t\t\t\t<\/div>\n\t\t\t\t<\/div>\n\t\t\t\t<div class=\"elementor-element elementor-element-5c2bb599 elementor-cta--skin-cover button-style-theme-outline elementor-cta--valign-bottom box-align-left elementor-animated-content elementor-bg-transform elementor-bg-transform-zoom-in elementor-widget elementor-widget-asteno-banner\" data-id=\"5c2bb599\" data-element_type=\"widget\" data-e-type=\"widget\" data-widget_type=\"asteno-banner.default\">\n\t\t\t\t<div class=\"elementor-widget-container\">\n\t\t\t\t\t        <a class=\"elementor-cta\" href=\"https:\/\/bourgogneselect.com\/zh\/%e8%91%a1%e8%90%84%e9%85%92\/%e8%91%a1%e8%90%84%e9%85%92-2\/\">\n                    <div class=\"elementor-cta__bg-wrapper\">\n                <div class=\"elementor-cta__bg elementor-bg\" style=\"background-image: url(https:\/\/bourgogneselect.com\/wp-content\/uploads\/2026\/02\/h3_cepages-2.webp);\"><\/div>\n                <div class=\"elementor-cta__bg-overlay\"><\/div>\n            <\/div>\n                            <div class=\"elementor-cta__content\">\n                <div class=\"elementor-cta__content-inner\">\n                    \n                    <div class='elementor-content-wrapper'>\n                        \n                        <h3 class=\"elementor-cta__title elementor-cta__content-item elementor-content-item\">\u54c1\u79cd\u8461\u8404\u9152<\/h3>\n                                                    <div class=\"elementor-cta__description elementor-cta__content-item elementor-content-item\">\n                                Ipo, Oc \u971e\u591a\u4e3d\u3001\u795e\u7d22\u3001\u9ed1\u76ae\u8bfa\uff0cIgp \u5362\u74e6\u5c14\u957f\u76f8\u601d                            <\/div>\n                        \n                                        <\/div>\n            <\/div>\n            <\/div>\n                        <\/a>\n        \t\t\t\t<\/div>\n\t\t\t\t<\/div>\n\t\t\t\t<\/div>\n\t\t\t\t<div class=\"elementor-element elementor-element-1417239 elementor-button-outline animated-fast elementor-align-center elementor-invisible elementor-widget elementor-widget-button\" data-id=\"1417239\" data-element_type=\"widget\" data-e-type=\"widget\" data-settings=\"{&quot;_animation&quot;:&quot;opal-move-up&quot;}\" data-widget_type=\"button.default\">\n\t\t\t\t\t\t\t\t\t\t<a class=\"elementor-button elementor-button-link elementor-size-sm\" href=\"https:\/\/bourgogneselect.com\/zh\/%e6%b3%95%e5%9b%bd%e9%a3%8e%e5%9c%9f%e8%91%a1%e8%90%84%e9%85%92\/\">\n\t\t\t\t\t\t<span class=\"elementor-button-content-wrapper\">\n\t\t\t\t\t\t<span class=\"elementor-button-icon\">\n\t\t\t\t\t\t\t<\/span>\n\t\t\t\t\t\t\t\t\t<span class=\"elementor-button-text\">\u4e86\u89e3\u6211\u4eec\u7684\u7cbe\u9009\u8461\u8404\u9152<\/span>\n\t\t\t\t\t<\/span>\n\t\t\t\t\t<\/a>\n\t\t\t\t\t\t\t\t<\/div>\n\t\t\t\t<div class=\"elementor-element elementor-element-593d6bc animated-fast elementor-align-center elementor-button-default elementor-invisible elementor-widget elementor-widget-button\" data-id=\"593d6bc\" data-element_type=\"widget\" data-e-type=\"widget\" data-settings=\"{&quot;_animation&quot;:&quot;opal-move-up&quot;}\" data-widget_type=\"button.default\">\n\t\t\t\t\t\t\t\t\t\t<a class=\"elementor-button elementor-button-link elementor-size-sm\" href=\"https:\/\/bourgogneselect.com\/zh\/%e5%8b%83%e8%89%ae%e7%ac%ac%e6%96%b0%e9%97%bb%e7%b2%be%e9%80%89\/\">\n\t\t\t\t\t\t<span class=\"elementor-button-content-wrapper\">\n\t\t\t\t\t\t<span class=\"elementor-button-icon\">\n\t\t\t\t\t\t\t<\/span>\n\t\t\t\t\t\t\t\t\t<span class=\"elementor-button-text\">Voir les actualit\u00e9s<\/span>\n\t\t\t\t\t<\/span>\n\t\t\t\t\t<\/a>\n\t\t\t\t\t\t\t\t<\/div>\n\t\t\t\t\t<\/div>\n\t\t\t\t<\/div>\n\t\t\t\t\t<\/div>\n\t\t\t\t<\/div>\n\t\t\t\t<\/div>","protected":false},"excerpt":{"rendered":"<p>Un projet, une question ? parlons-en ! Vous souhaitez en savoir plus sur les offres de Bourgogne Select, cr\u00e9er votre propre marque de vin, ou obtenir un accompagnement sur-mesure pour vos projets ? Notre \u00e9quipe est \u00e0 votre \u00e9coute pour r\u00e9pondre \u00e0 toutes vos demandes, en France comme \u00e0 l\u2019international. Votre nom et pr\u00e9nom : [&hellip;]<\/p>\n","protected":false},"author":1,"featured_media":0,"parent":0,"menu_order":0,"comment_status":"closed","ping_status":"closed","template":"","meta":{"_acf_changed":false,"footnotes":""},"class_list":["post-4915","page","type-page","status-publish","hentry"],"acf":[],"_links":{"self":[{"href":"https:\/\/bourgogneselect.com\/zh\/wp-json\/wp\/v2\/pages\/4915","targetHints":{"allow":["GET"]}}],"collection":[{"href":"https:\/\/bourgogneselect.com\/zh\/wp-json\/wp\/v2\/pages"}],"about":[{"href":"https:\/\/bourgogneselect.com\/zh\/wp-json\/wp\/v2\/types\/page"}],"author":[{"embeddable":true,"href":"https:\/\/bourgogneselect.com\/zh\/wp-json\/wp\/v2\/users\/1"}],"replies":[{"embeddable":true,"href":"https:\/\/bourgogneselect.com\/zh\/wp-json\/wp\/v2\/comments?post=4915"}],"version-history":[{"count":6,"href":"https:\/\/bourgogneselect.com\/zh\/wp-json\/wp\/v2\/pages\/4915\/revisions"}],"predecessor-version":[{"id":8253,"href":"https:\/\/bourgogneselect.com\/zh\/wp-json\/wp\/v2\/pages\/4915\/revisions\/8253"}],"wp:attachment":[{"href":"https:\/\/bourgogneselect.com\/zh\/wp-json\/wp\/v2\/media?parent=4915"}],"curies":[{"name":"wp","href":"https:\/\/api.w.org\/{rel}","templated":true}]}}