{"id":4915,"date":"2025-12-10T14:03:01","date_gmt":"2025-12-10T13:03:01","guid":{"rendered":"https:\/\/bourgogneselect.com\/?page_id=4915"},"modified":"2026-04-27T13:17:40","modified_gmt":"2026-04-27T11:17:40","slug":"contact-bourgogne-select","status":"publish","type":"page","link":"https:\/\/bourgogneselect.com\/en\/contactez-bourgogne-select\/","title":{"rendered":"Contact Bourgogne Select"},"content":{"rendered":"<div data-elementor-type=\"wp-page\" data-elementor-id=\"4915\" class=\"elementor elementor-4915\" data-elementor-post-type=\"page\">\n\t\t\t\t<div class=\"elementor-element elementor-element-3876788d e-flex e-con-boxed e-con e-parent\" data-id=\"3876788d\" data-element_type=\"container\" data-e-type=\"container\">\n\t\t\t\t\t<div class=\"e-con-inner\">\n\t\t<div class=\"elementor-element elementor-element-1f3fbb2c e-con-full e-flex e-con e-child\" data-id=\"1f3fbb2c\" data-element_type=\"container\" data-e-type=\"container\">\n\t\t\t\t<div class=\"elementor-element elementor-element-50980ef animated-fast elementor-invisible elementor-widget elementor-widget-heading\" data-id=\"50980ef\" data-element_type=\"widget\" data-e-type=\"widget\" data-settings=\"{&quot;_animation&quot;:&quot;opal-move-up&quot;}\" data-widget_type=\"heading.default\">\n\t\t\t\t\t<h2 class=\"elementor-heading-title elementor-size-default\">A project, a question?<\/h2>\t\t\t\t<\/div>\n\t\t\t\t<div class=\"elementor-element elementor-element-e348fbe animated-fast elementor-widget__width-auto elementor-invisible elementor-widget elementor-widget-heading\" data-id=\"e348fbe\" data-element_type=\"widget\" data-e-type=\"widget\" data-settings=\"{&quot;_animation&quot;:&quot;opal-move-left&quot;}\" data-widget_type=\"heading.default\">\n\t\t\t\t\t<span class=\"elementor-heading-title elementor-size-default\">Let's talk about it!<\/span>\t\t\t\t<\/div>\n\t\t\t\t<div class=\"elementor-element elementor-element-2abb46e elementor-invisible elementor-widget elementor-widget-text-editor\" data-id=\"2abb46e\" data-element_type=\"widget\" data-e-type=\"widget\" data-settings=\"{&quot;_animation&quot;:&quot;fadeInLeft&quot;}\" data-widget_type=\"text-editor.default\">\n\t\t\t\t\t\t\t\t\t<p class=\"p1\">Would you like to know more about Bourgogne Select's offers, create your own wine brand, or receive bespoke support for your projects?<\/p><p class=\"p2\"><b>Our team is here to listen and respond to all your requests, both in France and internationally.<\/b><\/p>\t\t\t\t\t\t\t\t<\/div>\n\t\t\t\t<div class=\"elementor-element elementor-element-3b0c9ebe elementor-invisible elementor-widget elementor-widget-asteno-contactform\" data-id=\"3b0c9ebe\" data-element_type=\"widget\" data-e-type=\"widget\" data-settings=\"{&quot;_animation&quot;:&quot;opal-move-up&quot;}\" data-widget_type=\"asteno-contactform.default\">\n\t\t\t\t<div class=\"elementor-widget-container\">\n\t\t\t\t\t\n<div class=\"wpcf7 no-js\" id=\"wpcf7-f67-o1\" lang=\"fr-FR\" dir=\"ltr\" data-wpcf7-id=\"67\">\n<div class=\"screen-reader-response\"><p role=\"status\" aria-live=\"polite\" aria-atomic=\"true\"><\/p> <ul><\/ul><\/div>\n<form action=\"\/en\/wp-json\/wp\/v2\/pages\/4915#wpcf7-f67-o1\" method=\"post\" class=\"wpcf7-form init\" aria-label=\"Formulaire de contact\" novalidate=\"novalidate\" data-status=\"init\" data-trp-original-action=\"\/en\/wp-json\/wp\/v2\/pages\/4915#wpcf7-f67-o1\">\n<fieldset class=\"hidden-fields-container\"><input type=\"hidden\" name=\"_wpcf7\" value=\"67\" \/><input type=\"hidden\" name=\"_wpcf7_version\" value=\"6.1.5\" \/><input type=\"hidden\" name=\"_wpcf7_locale\" value=\"fr_FR\" \/><input type=\"hidden\" name=\"_wpcf7_unit_tag\" value=\"wpcf7-f67-o1\" \/><input type=\"hidden\" name=\"_wpcf7_container_post\" value=\"0\" \/><input type=\"hidden\" name=\"_wpcf7_posted_data_hash\" value=\"\" \/>\n<\/fieldset>\n<p><label> Your first name and surname:<br \/>\n<span class=\"wpcf7-form-control-wrap\" data-name=\"your-name\"><input size=\"40\" maxlength=\"400\" class=\"wpcf7-form-control wpcf7-text wpcf7-validates-as-required\" autocomplete=\"name\" aria-required=\"true\" aria-invalid=\"false\" value=\"\" type=\"text\" name=\"your-name\" \/><\/span> <\/label>\n<\/p>\n<p><label> Your email:<br \/>\n<span class=\"wpcf7-form-control-wrap\" data-name=\"your-email\"><input size=\"40\" maxlength=\"400\" class=\"wpcf7-form-control wpcf7-email wpcf7-validates-as-required wpcf7-text wpcf7-validates-as-email\" autocomplete=\"email\" aria-required=\"true\" aria-invalid=\"false\" value=\"\" type=\"email\" name=\"your-email\" \/><\/span> <\/label>\n<\/p>\n<p><label> Subject :<br \/>\n<span class=\"wpcf7-form-control-wrap\" data-name=\"your-subject\"><input size=\"40\" maxlength=\"400\" class=\"wpcf7-form-control wpcf7-text wpcf7-validates-as-required\" aria-required=\"true\" aria-invalid=\"false\" value=\"\" type=\"text\" name=\"your-subject\" \/><\/span> <\/label>\n<\/p>\n<p><label> Your message:<br \/>\n<span class=\"wpcf7-form-control-wrap\" data-name=\"your-message\"><textarea cols=\"40\" rows=\"10\" maxlength=\"2000\" class=\"wpcf7-form-control wpcf7-textarea\" aria-invalid=\"false\" name=\"your-message\"><\/textarea><\/span> <\/label>\n<\/p>\n<p><input class=\"wpcf7-form-control wpcf7-submit has-spinner\" type=\"submit\" value=\"Send\" \/>\n<\/p><div class=\"wpcf7-response-output\" aria-hidden=\"true\"><\/div>\n<input type=\"hidden\" name=\"trp-form-language\" value=\"en\"\/><\/form>\n<\/div>\n\t\t\t\t<\/div>\n\t\t\t\t<\/div>\n\t\t\t\t<\/div>\n\t\t<div class=\"elementor-element elementor-element-5b30d96c e-con-full elementor-hidden-tablet_extra elementor-hidden-tablet elementor-hidden-mobile_extra elementor-hidden-mobile e-flex elementor-invisible e-con e-child\" data-id=\"5b30d96c\" data-element_type=\"container\" data-e-type=\"container\" data-settings=\"{&quot;animation&quot;:&quot;opal-move-left&quot;}\">\n\t\t\t\t<div class=\"elementor-element elementor-element-5a0bb36e elementor-hidden-mobile elementor-invisible elementor-widget elementor-widget-image\" data-id=\"5a0bb36e\" data-element_type=\"widget\" data-e-type=\"widget\" data-settings=\"{&quot;_animation&quot;:&quot;opal-move-left&quot;}\" data-widget_type=\"image.default\">\n\t\t\t\t\t\t\t\t\t\t\t\t\t\t\t<img fetchpriority=\"high\" decoding=\"async\" width=\"1080\" height=\"1741\" src=\"https:\/\/bourgogneselect.com\/wp-content\/uploads\/2026\/02\/h2_contact-2.webp\" class=\"attachment-full size-full wp-image-5528\" alt=\"Contact Bourgogne S\u00e9lect La Chapelle-de-Guinchay\" srcset=\"https:\/\/bourgogneselect.com\/wp-content\/uploads\/2026\/02\/h2_contact-2.webp 1080w, https:\/\/bourgogneselect.com\/wp-content\/uploads\/2026\/02\/h2_contact-2-500x806.webp 500w, https:\/\/bourgogneselect.com\/wp-content\/uploads\/2026\/02\/h2_contact-2-186x300.webp 186w, https:\/\/bourgogneselect.com\/wp-content\/uploads\/2026\/02\/h2_contact-2-635x1024.webp 635w, https:\/\/bourgogneselect.com\/wp-content\/uploads\/2026\/02\/h2_contact-2-768x1238.webp 768w, https:\/\/bourgogneselect.com\/wp-content\/uploads\/2026\/02\/h2_contact-2-953x1536.webp 953w, https:\/\/bourgogneselect.com\/wp-content\/uploads\/2026\/02\/h2_contact-2-7x12.webp 7w\" sizes=\"(max-width: 1080px) 100vw, 1080px\" \/>\t\t\t\t\t\t\t\t\t\t\t\t\t\t\t<\/div>\n\t\t\t\t<\/div>\n\t\t\t\t\t<\/div>\n\t\t\t\t<\/div>\n\t\t<div class=\"elementor-element elementor-element-f718de7 e-flex e-con-boxed e-con e-parent\" data-id=\"f718de7\" data-element_type=\"container\" data-e-type=\"container\" data-settings=\"{&quot;background_background&quot;:&quot;classic&quot;}\">\n\t\t\t\t\t<div class=\"e-con-inner\">\n\t\t<div class=\"elementor-element elementor-element-e259a7b e-flex e-con-boxed e-con e-child\" data-id=\"e259a7b\" data-element_type=\"container\" data-e-type=\"container\" data-settings=\"{&quot;background_background&quot;:&quot;classic&quot;}\">\n\t\t\t\t\t<div class=\"e-con-inner\">\n\t\t\t\t<div class=\"elementor-element elementor-element-8ce7627 animated-fast elementor-invisible elementor-widget elementor-widget-heading\" data-id=\"8ce7627\" data-element_type=\"widget\" data-e-type=\"widget\" data-settings=\"{&quot;_animation&quot;:&quot;opal-move-up&quot;}\" data-widget_type=\"heading.default\">\n\t\t\t\t\t<h2 class=\"elementor-heading-title elementor-size-default\">Bourgogne Select's French terroir wine selection<\/h2>\t\t\t\t<\/div>\n\t\t\t\t<div class=\"elementor-element elementor-element-8fdce54 elementor-invisible elementor-widget elementor-widget-text-editor\" data-id=\"8fdce54\" data-element_type=\"widget\" data-e-type=\"widget\" data-settings=\"{&quot;_animation&quot;:&quot;fadeIn&quot;}\" data-widget_type=\"text-editor.default\">\n\t\t\t\t\t\t\t\t\t<p class=\"p1\"><strong>White, red, ros\u00e9 or <a href=\"https:\/\/bourgogneselect.com\/en\/wine\/effervescents\/\">effervescents<\/a><\/strong> Discover our selection of French wines <a href=\"https:\/\/fr.wikipedia.org\/wiki\/Terroir\" target=\"_blank\" rel=\"noopener\">terroir<\/a>, carefully chosen from the great wine-growing regions.<\/p>\t\t\t\t\t\t\t\t<\/div>\n\t\t<div class=\"elementor-element elementor-element-6943f427 e-grid e-con-full elementor-invisible e-con e-child\" data-id=\"6943f427\" data-element_type=\"container\" data-e-type=\"container\" data-settings=\"{&quot;animation&quot;:&quot;fadeIn&quot;}\">\n\t\t\t\t<div class=\"elementor-element elementor-element-22d69f38 elementor-cta--skin-cover button-style-theme-outline elementor-cta--valign-bottom box-align-left elementor-animated-content elementor-bg-transform elementor-bg-transform-zoom-in elementor-widget elementor-widget-asteno-banner\" data-id=\"22d69f38\" data-element_type=\"widget\" data-e-type=\"widget\" data-widget_type=\"asteno-banner.default\">\n\t\t\t\t<div class=\"elementor-widget-container\">\n\t\t\t\t\t        <a class=\"elementor-cta\" href=\"https:\/\/bourgogneselect.com\/en\/wine\/beaujolais-wines\/\">\n                    <div class=\"elementor-cta__bg-wrapper\">\n                <div class=\"elementor-cta__bg elementor-bg\" style=\"background-image: url(https:\/\/bourgogneselect.com\/wp-content\/uploads\/2026\/02\/h3_beaujolais-2.webp);\"><\/div>\n                <div class=\"elementor-cta__bg-overlay\"><\/div>\n            <\/div>\n                            <div class=\"elementor-cta__content\">\n                <div class=\"elementor-cta__content-inner\">\n                    \n                    <div class='elementor-content-wrapper'>\n                        \n                        <h3 class=\"elementor-cta__title elementor-cta__content-item elementor-content-item\">Beaujolais<\/h3>\n                                                    <div class=\"elementor-cta__description elementor-cta__content-item elementor-content-item\">\n                                Beaujolais-Villages White \/ Red, Brouilly, Moulin \u00e0 Vent, Burgundy Gamay                            <\/div>\n                        \n                                        <\/div>\n            <\/div>\n            <\/div>\n                        <\/a>\n        \t\t\t\t<\/div>\n\t\t\t\t<\/div>\n\t\t\t\t<div class=\"elementor-element elementor-element-26397bea elementor-cta--skin-cover button-style-theme-outline elementor-cta--valign-bottom box-align-left elementor-animated-content elementor-bg-transform elementor-bg-transform-zoom-in elementor-widget elementor-widget-asteno-banner\" data-id=\"26397bea\" data-element_type=\"widget\" data-e-type=\"widget\" data-widget_type=\"asteno-banner.default\">\n\t\t\t\t<div class=\"elementor-widget-container\">\n\t\t\t\t\t        <a class=\"elementor-cta\" href=\"https:\/\/bourgogneselect.com\/en\/wine\/burgundy-wines\/\">\n                    <div class=\"elementor-cta__bg-wrapper\">\n                <div class=\"elementor-cta__bg elementor-bg\" style=\"background-image: url(https:\/\/bourgogneselect.com\/wp-content\/uploads\/2026\/04\/h3-bourgogne_3.webp);\"><\/div>\n                <div class=\"elementor-cta__bg-overlay\"><\/div>\n            <\/div>\n                            <div class=\"elementor-cta__content\">\n                <div class=\"elementor-cta__content-inner\">\n                    \n                    <div class='elementor-content-wrapper'>\n                        \n                        <h3 class=\"elementor-cta__title elementor-cta__content-item elementor-content-item\">Burgundy<\/h3>\n                                                    <div class=\"elementor-cta__description elementor-cta__content-item elementor-content-item\">\n                                Petit Chablis, Chablis, White Burgundy Chardonnay, Red Burgundy Pinot Noir                            <\/div>\n                        \n                                        <\/div>\n            <\/div>\n            <\/div>\n                        <\/a>\n        \t\t\t\t<\/div>\n\t\t\t\t<\/div>\n\t\t\t\t<div class=\"elementor-element elementor-element-593a8f80 elementor-cta--skin-cover button-style-theme-outline elementor-cta--valign-bottom box-align-left elementor-animated-content elementor-bg-transform elementor-bg-transform-zoom-in elementor-widget elementor-widget-asteno-banner\" data-id=\"593a8f80\" data-element_type=\"widget\" data-e-type=\"widget\" data-widget_type=\"asteno-banner.default\">\n\t\t\t\t<div class=\"elementor-widget-container\">\n\t\t\t\t\t        <a class=\"elementor-cta\" href=\"https:\/\/bourgogneselect.com\/en\/wine\/wines-of-maconnais\/\">\n                    <div class=\"elementor-cta__bg-wrapper\">\n                <div class=\"elementor-cta__bg elementor-bg\" style=\"background-image: url(https:\/\/bourgogneselect.com\/wp-content\/uploads\/2026\/02\/h3_maconnais-2.webp);\"><\/div>\n                <div class=\"elementor-cta__bg-overlay\"><\/div>\n            <\/div>\n                            <div class=\"elementor-cta__content\">\n                <div class=\"elementor-cta__content-inner\">\n                    \n                    <div class='elementor-content-wrapper'>\n                        \n                        <h3 class=\"elementor-cta__title elementor-cta__content-item elementor-content-item\">M\u00e2connais<\/h3>\n                                                    <div class=\"elementor-cta__description elementor-cta__content-item elementor-content-item\">\n                                M\u00e2con Chardonnay, Vir\u00e9 Cless\u00e9, Saint-V\u00e9ran, Pouilly Fuiss\u00e9                            <\/div>\n                        \n                                        <\/div>\n            <\/div>\n            <\/div>\n                        <\/a>\n        \t\t\t\t<\/div>\n\t\t\t\t<\/div>\n\t\t\t\t<\/div>\n\t\t<div class=\"elementor-element elementor-element-7614f6c e-grid e-con-full elementor-invisible e-con e-child\" data-id=\"7614f6c\" data-element_type=\"container\" data-e-type=\"container\" data-settings=\"{&quot;animation&quot;:&quot;fadeIn&quot;}\">\n\t\t\t\t<div class=\"elementor-element elementor-element-5cb98526 elementor-cta--skin-cover button-style-theme-outline elementor-cta--valign-bottom box-align-left elementor-animated-content elementor-bg-transform elementor-bg-transform-zoom-in elementor-widget elementor-widget-asteno-banner\" data-id=\"5cb98526\" data-element_type=\"widget\" data-e-type=\"widget\" data-widget_type=\"asteno-banner.default\">\n\t\t\t\t<div class=\"elementor-widget-container\">\n\t\t\t\t\t        <a class=\"elementor-cta\" href=\"https:\/\/bourgogneselect.com\/en\/wine\/sparkling-and-fizzy-wines\/\">\n                    <div class=\"elementor-cta__bg-wrapper\">\n                <div class=\"elementor-cta__bg elementor-bg\" style=\"background-image: url(https:\/\/bourgogneselect.com\/wp-content\/uploads\/2026\/02\/h3_effervecent-2.webp);\"><\/div>\n                <div class=\"elementor-cta__bg-overlay\"><\/div>\n            <\/div>\n                            <div class=\"elementor-cta__content\">\n                <div class=\"elementor-cta__content-inner\">\n                    \n                    <div class='elementor-content-wrapper'>\n                        \n                        <h3 class=\"elementor-cta__title elementor-cta__content-item elementor-content-item\">Sparkling<\/h3>\n                                                    <div class=\"elementor-cta__description elementor-cta__content-item elementor-content-item\">\n                                Champagne, Mousseux Blanc de Blancs, Cr\u00e9mant de Bourgogne, Cerdon                            <\/div>\n                        \n                                        <\/div>\n            <\/div>\n            <\/div>\n                        <\/a>\n        \t\t\t\t<\/div>\n\t\t\t\t<\/div>\n\t\t\t\t<div class=\"elementor-element elementor-element-161454d5 elementor-cta--skin-cover button-style-theme-outline elementor-cta--valign-bottom box-align-left elementor-animated-content elementor-bg-transform elementor-bg-transform-zoom-in elementor-widget elementor-widget-asteno-banner\" data-id=\"161454d5\" data-element_type=\"widget\" data-e-type=\"widget\" data-widget_type=\"asteno-banner.default\">\n\t\t\t\t<div class=\"elementor-widget-container\">\n\t\t\t\t\t        <a class=\"elementor-cta\" href=\"https:\/\/bourgogneselect.com\/en\/wine\/loire-valley-wines\/\">\n                    <div class=\"elementor-cta__bg-wrapper\">\n                <div class=\"elementor-cta__bg elementor-bg\" style=\"background-image: url(https:\/\/bourgogneselect.com\/wp-content\/uploads\/2026\/04\/h3-val_de_loire_3.webp);\"><\/div>\n                <div class=\"elementor-cta__bg-overlay\"><\/div>\n            <\/div>\n                            <div class=\"elementor-cta__content\">\n                <div class=\"elementor-cta__content-inner\">\n                    \n                    <div class='elementor-content-wrapper'>\n                        \n                        <h3 class=\"elementor-cta__title elementor-cta__content-item elementor-content-item\">Loire Valley<\/h3>\n                                                    <div class=\"elementor-cta__description elementor-cta__content-item elementor-content-item\">\n                                Sancerre white \/ red \/ ros\u00e9, Pouilly Fum\u00e9, IGP Sauvignon Blanc                            <\/div>\n                        \n                                        <\/div>\n            <\/div>\n            <\/div>\n                        <\/a>\n        \t\t\t\t<\/div>\n\t\t\t\t<\/div>\n\t\t\t\t<div class=\"elementor-element elementor-element-5c2bb599 elementor-cta--skin-cover button-style-theme-outline elementor-cta--valign-bottom box-align-left elementor-animated-content elementor-bg-transform elementor-bg-transform-zoom-in elementor-widget elementor-widget-asteno-banner\" data-id=\"5c2bb599\" data-element_type=\"widget\" data-e-type=\"widget\" data-widget_type=\"asteno-banner.default\">\n\t\t\t\t<div class=\"elementor-widget-container\">\n\t\t\t\t\t        <a class=\"elementor-cta\" href=\"https:\/\/bourgogneselect.com\/en\/wine\/grape-variety-wines\/\">\n                    <div class=\"elementor-cta__bg-wrapper\">\n                <div class=\"elementor-cta__bg elementor-bg\" style=\"background-image: url(https:\/\/bourgogneselect.com\/wp-content\/uploads\/2026\/02\/h3_cepages-2.webp);\"><\/div>\n                <div class=\"elementor-cta__bg-overlay\"><\/div>\n            <\/div>\n                            <div class=\"elementor-cta__content\">\n                <div class=\"elementor-cta__content-inner\">\n                    \n                    <div class='elementor-content-wrapper'>\n                        \n                        <h3 class=\"elementor-cta__title elementor-cta__content-item elementor-content-item\">Varietal wine<\/h3>\n                                                    <div class=\"elementor-cta__description elementor-cta__content-item elementor-content-item\">\n                                Ipo, Oc Chardonnay, Cinsault, Pinot Noir, Igp Loire Sauvignon                            <\/div>\n                        \n                                        <\/div>\n            <\/div>\n            <\/div>\n                        <\/a>\n        \t\t\t\t<\/div>\n\t\t\t\t<\/div>\n\t\t\t\t<\/div>\n\t\t\t\t<div class=\"elementor-element elementor-element-1417239 elementor-button-outline animated-fast elementor-align-center elementor-invisible elementor-widget elementor-widget-button\" data-id=\"1417239\" data-element_type=\"widget\" data-e-type=\"widget\" data-settings=\"{&quot;_animation&quot;:&quot;opal-move-up&quot;}\" data-widget_type=\"button.default\">\n\t\t\t\t\t\t\t\t\t\t<a class=\"elementor-button elementor-button-link elementor-size-sm\" href=\"https:\/\/bourgogneselect.com\/en\/french-regional-wines\/\">\n\t\t\t\t\t\t<span class=\"elementor-button-content-wrapper\">\n\t\t\t\t\t\t<span class=\"elementor-button-icon\">\n\t\t\t\t\t\t\t<\/span>\n\t\t\t\t\t\t\t\t\t<span class=\"elementor-button-text\">Discover our selection of wines<\/span>\n\t\t\t\t\t<\/span>\n\t\t\t\t\t<\/a>\n\t\t\t\t\t\t\t\t<\/div>\n\t\t\t\t<div class=\"elementor-element elementor-element-593d6bc animated-fast elementor-align-center elementor-button-default elementor-invisible elementor-widget elementor-widget-button\" data-id=\"593d6bc\" data-element_type=\"widget\" data-e-type=\"widget\" data-settings=\"{&quot;_animation&quot;:&quot;opal-move-up&quot;}\" data-widget_type=\"button.default\">\n\t\t\t\t\t\t\t\t\t\t<a class=\"elementor-button elementor-button-link elementor-size-sm\" href=\"https:\/\/bourgogneselect.com\/en\/news-burgundy-select\/\">\n\t\t\t\t\t\t<span class=\"elementor-button-content-wrapper\">\n\t\t\t\t\t\t<span class=\"elementor-button-icon\">\n\t\t\t\t\t\t\t<\/span>\n\t\t\t\t\t\t\t\t\t<span class=\"elementor-button-text\">See the news<\/span>\n\t\t\t\t\t<\/span>\n\t\t\t\t\t<\/a>\n\t\t\t\t\t\t\t\t<\/div>\n\t\t\t\t\t<\/div>\n\t\t\t\t<\/div>\n\t\t\t\t\t<\/div>\n\t\t\t\t<\/div>\n\t\t\t\t<\/div>","protected":false},"excerpt":{"rendered":"<p>Un projet, une question ? parlons-en ! Vous souhaitez en savoir plus sur les offres de Bourgogne Select, cr\u00e9er votre propre marque de vin, ou obtenir un accompagnement sur-mesure pour vos projets ? Notre \u00e9quipe est \u00e0 votre \u00e9coute pour r\u00e9pondre \u00e0 toutes vos demandes, en France comme \u00e0 l\u2019international. Votre nom et pr\u00e9nom : [&hellip;]<\/p>\n","protected":false},"author":1,"featured_media":0,"parent":0,"menu_order":0,"comment_status":"closed","ping_status":"closed","template":"","meta":{"_acf_changed":false,"footnotes":""},"class_list":["post-4915","page","type-page","status-publish","hentry"],"acf":[],"_links":{"self":[{"href":"https:\/\/bourgogneselect.com\/en\/wp-json\/wp\/v2\/pages\/4915","targetHints":{"allow":["GET"]}}],"collection":[{"href":"https:\/\/bourgogneselect.com\/en\/wp-json\/wp\/v2\/pages"}],"about":[{"href":"https:\/\/bourgogneselect.com\/en\/wp-json\/wp\/v2\/types\/page"}],"author":[{"embeddable":true,"href":"https:\/\/bourgogneselect.com\/en\/wp-json\/wp\/v2\/users\/1"}],"replies":[{"embeddable":true,"href":"https:\/\/bourgogneselect.com\/en\/wp-json\/wp\/v2\/comments?post=4915"}],"version-history":[{"count":6,"href":"https:\/\/bourgogneselect.com\/en\/wp-json\/wp\/v2\/pages\/4915\/revisions"}],"predecessor-version":[{"id":8253,"href":"https:\/\/bourgogneselect.com\/en\/wp-json\/wp\/v2\/pages\/4915\/revisions\/8253"}],"wp:attachment":[{"href":"https:\/\/bourgogneselect.com\/en\/wp-json\/wp\/v2\/media?parent=4915"}],"curies":[{"name":"wp","href":"https:\/\/api.w.org\/{rel}","templated":true}]}}