{"id":3,"date":"2025-07-16T11:42:59","date_gmt":"2025-07-16T09:42:59","guid":{"rendered":"https:\/\/bourgogneselect.com\/?page_id=3"},"modified":"2026-04-21T15:02:53","modified_gmt":"2026-04-21T13:02:53","slug":"privacy-policy","status":"publish","type":"page","link":"https:\/\/bourgogneselect.com\/en\/politique-de-confidentialite\/","title":{"rendered":"Privacy Policy"},"content":{"rendered":"<div data-elementor-type=\"wp-page\" data-elementor-id=\"3\" class=\"elementor elementor-3\" data-elementor-post-type=\"page\">\n\t\t\t\t<div class=\"elementor-element elementor-element-476e5473 e-flex e-con-boxed e-con e-parent\" data-id=\"476e5473\" data-element_type=\"container\" data-e-type=\"container\">\n\t\t\t\t\t<div class=\"e-con-inner\">\n\t\t\t\t<div class=\"elementor-element elementor-element-7b0578f1 elementor-widget elementor-widget-text-editor\" data-id=\"7b0578f1\" data-element_type=\"widget\" data-e-type=\"widget\" data-widget_type=\"text-editor.default\">\n\t\t\t\t\t\t\t\t\t\n<h2 class=\"wp-block-heading\" id=\"qui-sommes-nous\"><span id=\"lwptoc29\">Who are we?<\/span><\/h2>\n<ul>\n<li><span class=\"ff_dynamic_value\" data-ref=\"coordonnees\" data-fallback=\"\">Longefay Herve \u2013 SARL BOURGOGNE SELECT<\/span><\/li>\n<li><span class=\"ff_dynamic_value\" data-ref=\"email\" data-fallback=\"\">export@bourgogneselect.com<\/span><\/li>\n<li><span class=\"ff_dynamic_value\" data-ref=\"url\" data-fallback=\"\">https:\/\/bourgogneselect.com\/<\/span><\/li>\n<\/ul>\n<hr class=\"wp-block-separator\" \/>\n<h2 id=\"commentaires\"><span id=\"lwptoc30\">Comments<\/span><\/h2>\n<p><span class=\"ff_dynamic_value\" data-ref=\"commentaires\" data-fallback=\"\">When you leave a comment on our site, the data entered into the comment form, as well as your IP address and browser user agent, are collected to help us detect unwanted comments.<br \/><br \/>An anonymised string created from your email address (also called a hash) may be sent to the Gravatar service to see if you use it. Gravatar's privacy clauses are available here: https:\/\/automattic.com\/privacy\/.<br \/><br \/>After your comment has been approved, your profile picture will be visible publicly next to your comment.<\/span><\/p>\n<hr class=\"wp-block-separator\" \/>\n<h2 id=\"medias\"><span id=\"lwptoc31\">Media<\/span><\/h2>\n<p><span class=\"ff_dynamic_value\" data-ref=\"medias\" data-fallback=\"\">If you upload images to the website, we recommend that you avoid uploading images that contain EXIF GPS location data. People visiting your website can download and extract location data from these images.<\/span><\/p>\n<hr class=\"wp-block-separator\" \/>\n<h2 id=\"formulaires\"><span id=\"lwptoc32\">Contact forms<\/span><\/h2>\n<p><span class=\"ff_dynamic_value\" data-ref=\"formulaire\" data-fallback=\"\">Surname, first name, email address, telephone number<\/span><\/p>\n<hr class=\"wp-block-separator\" \/>\n<h2 id=\"cookies\"><span id=\"lwptoc33\">Biscuits<\/span><\/h2>\n<p><span class=\"ff_dynamic_value\" data-ref=\"cookies\" data-fallback=\"\">If you leave a comment on our site, you may opt-in to save your name, email address, and website in cookies. This is for your convenience only so that you do not have to re-enter your details when you leave another comment later. These cookies will last for one year.<br \/><br \/>If you visit the login page, a temporary cookie will be created to determine if your browser accepts cookies. It does not contain any personal data and will be automatically deleted when you close your browser.<br \/><br \/>When you log in, we will set up a number of cookies to save your login information and your screen preferences. A login cookie lasts for two days, and a screen options cookie lasts for a year. If you check \u00abRemember me,\u00bb your login cookie will be kept for two weeks. If you log out of your account, the login cookie will be deleted.<br \/><br \/>When you edit or publish an article, an additional cookie will be saved to your browser. This cookie does not contain any personal data. It simply indicates the ID of the article you have just edited. It expires after one day.<\/span><\/p>\n<hr class=\"wp-block-separator\" \/>\n<h2 id=\"contenu-embarque-depuis-d-autres-sites\"><span id=\"lwptoc34\">Embedded content from other sites<\/span><\/h2>\n<p><span class=\"ff_dynamic_value\" data-ref=\"contenu_embarque\" data-fallback=\"\">Articles on this site may include embedded content (e.g. videos, images, articles\u2026). Embedded content from other sites behaves in the same way as if the visitor has visited that other site.<br \/><br \/>These websites may collect data about you, use cookies and embed third-party tracking tools to monitor your interactions with this embedded content if you are logged into your account on their website.<\/span><\/p>\n<hr class=\"wp-block-separator\" \/>\n<h2 id=\"utilisation-et-transmission-de-vos-donnees-personnelles\"><span id=\"lwptoc35\">Use and transmission of your personal data<\/span><\/h2>\n<p><span class=\"ff_dynamic_value\" data-ref=\"transmission\" data-fallback=\"\"><br \/>If you request a password reset, your IP address will be included in the reset email.<br \/><br \/>Visitor comments can be checked using an automated spam detection service.<\/span><\/p>\n<hr class=\"wp-block-separator\" \/>\n<h2 id=\"durees-de-stockage-de-vos-donnees\"><span id=\"lwptoc36\">Your data retention periods<\/span><\/h2>\n<p><span class=\"ff_dynamic_value\" data-ref=\"stockage\" data-fallback=\"\">If you leave a comment, the comment and its metadata are kept indefinitely. This allows us to recognise and approve any follow-up comments automatically instead of holding them in a moderation queue.<br \/><br \/>For accounts that register on our site (if applicable), we also store the personal data indicated in their profile. All accounts can view, modify, or delete their personal information at any time (with the exception of their username). Site administrators can also view and modify this information.<\/span><\/p>\n<hr class=\"wp-block-separator\" \/>\n<h2 id=\"les-droits-que-vous-avez-sur-vos-donnees\"><span id=\"lwptoc37\">Your rights concerning your data<\/span><\/h2>\n<p><span class=\"ff_dynamic_value\" data-ref=\"droits\" data-fallback=\"\">If you have an account or have left comments on the site, you can request to receive a file containing all the personal data we hold about you, including that which you have provided to us. You can also request the erasure of personal data concerning you. This does not take into account data stored for administrative, legal, or security reasons.<\/span><\/p>\t\t\t\t\t\t\t\t<\/div>\n\t\t\t\t\t<\/div>\n\t\t\t\t<\/div>\n\t\t\t\t<\/div>","protected":false},"excerpt":{"rendered":"<p>Qui sommes-nous\u00a0? Longefay Herve &#8211; SARL BOURGOGNE SELECT export@bourgogneselect.com https:\/\/bourgogneselect.com\/ Commentaires Quand vous laissez un commentaire sur notre site, les donn\u00e9es inscrites dans le formulaire de commentaire, mais aussi votre adresse IP et l\u2019agent utilisateur de votre navigateur sont collect\u00e9s pour nous aider \u00e0 la d\u00e9tection des commentaires ind\u00e9sirables. Une cha\u00eene anonymis\u00e9e cr\u00e9\u00e9e \u00e0 partir [&hellip;]<\/p>\n","protected":false},"author":1,"featured_media":0,"parent":0,"menu_order":0,"comment_status":"closed","ping_status":"open","template":"","meta":{"_acf_changed":false,"footnotes":""},"class_list":["post-3","page","type-page","status-publish","hentry"],"acf":[],"_links":{"self":[{"href":"https:\/\/bourgogneselect.com\/en\/wp-json\/wp\/v2\/pages\/3","targetHints":{"allow":["GET"]}}],"collection":[{"href":"https:\/\/bourgogneselect.com\/en\/wp-json\/wp\/v2\/pages"}],"about":[{"href":"https:\/\/bourgogneselect.com\/en\/wp-json\/wp\/v2\/types\/page"}],"author":[{"embeddable":true,"href":"https:\/\/bourgogneselect.com\/en\/wp-json\/wp\/v2\/users\/1"}],"replies":[{"embeddable":true,"href":"https:\/\/bourgogneselect.com\/en\/wp-json\/wp\/v2\/comments?post=3"}],"version-history":[{"count":0,"href":"https:\/\/bourgogneselect.com\/en\/wp-json\/wp\/v2\/pages\/3\/revisions"}],"wp:attachment":[{"href":"https:\/\/bourgogneselect.com\/en\/wp-json\/wp\/v2\/media?parent=3"}],"curies":[{"name":"wp","href":"https:\/\/api.w.org\/{rel}","templated":true}]}}